{"id":15517,"date":"2020-11-06T18:41:27","date_gmt":"2020-11-06T17:41:27","guid":{"rendered":"https:\/\/www.orazi-lavorazioni.com?page_id=15517"},"modified":"2020-11-06T19:39:50","modified_gmt":"2020-11-06T18:39:50","slug":"privacy-policy","status":"publish","type":"page","link":"https:\/\/www.orazi-lavorazioni.com?page_id=15517","title":{"rendered":"Privacy Policy"},"content":{"rendered":"<h4>Orazi Srl<\/h4>\n<p><strong>Orazi Srl<\/strong>, nella sua qualit\u00e0 di titolare del trattamento., in quanto proprietario del sito <strong>https:\/\/www.orazi-lavorazioni.com\/<\/strong> si preoccupa della protezione dei tuoi dati personali e del rispetto della tua privacy. Ecco come lo fa.<\/p>\n<p><strong>Il nostro dovere e la tua privacy:<\/strong> Queste informazioni ti riguardano se stai visitando il nostro sito web.<\/p>\n<p><strong>Chi siamo:<\/strong> Nella gestione dei tuoi dati relativi alle attivit\u00e0 di consultazione del sito, sono di <strong>Orazi Srl<\/strong>, con sede in Porto Sant&#8217;Elpidio (FM), Via della Montagnola N.82\/B &#8211; Marche\/Italy<\/p>\n<p><strong>La nostra responsabilit\u00e0:<\/strong> Se stai visitando il sito <strong>https:\/\/www.orazi-lavorazioni.com\/<\/strong>, ti informiamo che i tuoi dati verranno legittimamente trattati secondo le nostre decisioni in merito alle modalit\u00e0 e alle finalit\u00e0 del trattamento stesso.<\/p>\n<p><strong>Il tuo impegno:<\/strong> Ti chiediamo solo di leggere attentamente questa informativa per essere pienamente informato sulle modalit\u00e0 con cui trattiamo i tuoi dati personali. Quando e come raccogliamo i tuoi dati personali: Non appena interagisci con <strong>https:\/\/www.orazi-lavorazioni.com\/<\/strong>, iniziamo a raccogliere dati. La loro raccolta pu\u00f2 avvenire sia mediante la tua specifica comunicazione, sia con modalit\u00e0 automatica durante l\u2019utilizzo del sito web. Ecco come avviene la raccolta:<\/p>\n<table>\n<thead>\n<tr>\n<th>\u00a0<\/th>\n<th><strong>DATI CHE CI COMUNICHI<\/strong><\/th>\n<th><strong>DATI CHE RACCOGLIAMO AUTOMATICAMENTE<\/strong><\/th>\n<\/tr>\n<\/thead>\n<tbody>\n<tr>\n<td style=\"text-align: left;\"><strong>I tuoi dati identificativi<\/strong> (nome cognome indirizzo, posta elettronica)<\/td>\n<td style=\"text-align: center;\">X<\/td>\n<td>\u00a0<\/td>\n<\/tr>\n<tr>\n<td style=\"text-align: left;\"><strong>Navigazione nel sito web<\/strong><\/td>\n<td>\u00a0<\/td>\n<td style=\"text-align: center;\">X<\/td>\n<\/tr>\n<tr>\n<th style=\"text-align: left;\"><strong>Altri dati identificativi (indirizzo IP)<\/strong><\/th>\n<th>\u00a0<\/th>\n<th style=\"text-align: center;\">X<\/th>\n<\/tr>\n<\/tbody>\n<\/table>\n<p>Le tipologie di dati che raccogliamo: Dati identificativi Nome, cognome, numero di telefono, indirizzo, account di posta elettronica Il tuo indirizzo IP, tipo e versione del browser, fuso orario, tipologie di plug-in, ecc..<\/p>\n<p><strong>Dati relativi all\u2019utilizzo di https:\/\/www.orazi-lavorazioni.com\/<\/strong> Il tuo percorso di navigazione all\u2019interno del sito <strong>https:\/\/www.orazi-lavorazioni.com\/<\/strong>.<\/p>\n<p><strong>E per quanto riguarda i dati sensibili?<\/strong> Non raccogliamo nessun tipo di dato sensibile che possa riguardarti (cio\u00e8 quei dati personali che rivelano l&#8217;origine razziale o etnica, le opinioni politiche, le convinzioni religiose o filosofiche, o l&#8217;appartenenza sindacale, dati genetici, dati biometrici, dati relativi alla salute o alla vita sessuale o all&#8217;orientamento sessuale).<\/p>\n<p><strong>Per quale motivo raccogliamo i tuoi dati?<\/strong> Possiamo trattare i tuoi dati solo per determinati motivi e, comunque, sempre in presenza di una base giuridica che ci permetta di farlo. Ecco perch\u00e9 trattiamo i tuoi dati:<\/p>\n<p><strong>Utilizzo del sito e gestione dei servizi:<\/strong> I dati sono trattati per consentire la consultazione del Sito.<\/p>\n<p><strong>Cosa intendiamo per base giuridica:<\/strong> <strong>Il consenso<\/strong> \u00c8 l\u2019autorizzazione al trattamento dei tuoi dati personali per uno scopo specifico.<\/p>\n<p><strong>Puoi cambiare idea quando vuoi!<\/strong> Puoi revocare il tuo consenso in ogni momento, inviandoci un\u2019e-mail al seguente indirizzo: <a href=\"mailto:info@orazi-lavorazioni.com\">info@orazi-lavorazioni.com<\/a> Se decidi di revocare il tuo consenso e non ci sono altri motivi che ci autorizzano a trattare i tuoi dati personali, cesseremo il trattamento. Invece, qualora un\u2019altra base giuridica ci autorizzasse, continueremmo il trattamento rispettando sempre i tuoi diritti.<\/p>\n<p><strong>Come trattiamo i tuoi dati:<\/strong> Il trattamento dei dati avviene con modalit\u00e0 prevalentemente elettroniche.<\/p>\n<p><strong>Le tue scelte e i tuoi diritti:<\/strong> <strong>Le tue scelte<\/strong> <strong>Puoi disattivare i cookie cambiando le impostazioni del browser<\/strong> Puoi bloccare i cookie impostando il tuo browser in modo da impedire la loro memorizzazione. Puoi anche cancellare i cookie direttamente dalle impostazioni del tuo browser. Se disattivi i cookie, puoi continuare a navigare nel nostro sito, ma alcuni dei nostri servizi potrebbero non funzionare correttamente. Per saperne di pi\u00f9 consulta la cookie policy.<\/p>\n<p><strong>I tuoi diritti<\/strong> Puoi sempre esercitare i tuoi diritti inviandoci un\u2019e-mail al seguente indirizzo: <a href=\"mailto:info@orazi-srl.com\">info@orazi-srl.com<\/a><\/p>\n<p><strong>Hai il diritto di accedere alle informazioni che ti riguardano<\/strong> Ci\u00f2 comporta il diritto di chiederci ulteriori informazioni riguardo a:<\/p>\n<ul>\n<li>le categorie di dati che trattiamo;<\/li>\n<li>le finalit\u00e0 del trattamento;<\/li>\n<li>le categorie di eventuali destinatari a cui i dati potrebbero essere comunicati;<\/li>\n<li>il periodo di conservazione dei dati o, in mancanza, i criteri per determinare tale periodo;<\/li>\n<li>gli altri diritti riguardanti l\u2019utilizzo dei tuoi dati.<\/li>\n<\/ul>\n<p>Ti forniremo le informazioni entro un mese dalla tua richiesta, a meno che ci\u00f2 non pregiudichi i diritti e le libert\u00e0 di altri soggetti (ad esempio la riservatezza di un&#8217;altra persona o i diritti di propriet\u00e0 intellettuale) oppure qualora vi siano obblighi di legge che ce lo impediscano. T&#8217;informeremo nel caso in cui non riuscissimo a soddisfare la tua richiesta per tali ragioni.<\/p>\n<p><strong>Hai il diritto di ottenere la correzione dei tuoi dati, se inesatti o non aggiornati<\/strong> <strong>Hai il diritto di ottenere la cancellazione dei tuoi dati personali (diritto all\u2019oblio)<\/strong> Potrai, in ogni momento, chiederci di cancellare i tuoi dati personali in nostro possesso, nel caso in cui la conservazione dei tuoi dati personali non fosse pi\u00f9 necessaria per le finalit\u00e0 del trattamento.<\/p>\n<p><strong>Hai il diritto di trasferire i tuoi dati ad un altro operatore (portabilit\u00e0 dei dati)<\/strong> Ti forniremo una copia dei tuoi dati in formato interoperabile nel caso tu voglia trasferirli ad un altro operatore. In caso di tua richiesta e se tecnicamente possibile, provvederemo a trasferire direttamente i dati al nuovo operatore. Non procederemo ad alcun trasferimento, nel caso in cui la portabilit\u00e0 dei tuoi dati comporti anche la diffusione dei dati personali di altri individui.<\/p>\n<p><strong>Hai il diritto di opporti al trattamento dei tuoi dati personali da noi effettuato<\/strong> Puoi sempre rivolgerti all\u2019Autorit\u00e0 di controllo per proporre i tuoi eventuali reclami. Prima di fare ci\u00f2, contattaci pure! Saremo lieti di risolvere tutti gli eventuali problemi relativi al trattamento dei tuoi dati personali.<\/p>\n<p><strong>Hai il diritto di opporti all\u2019utilizzo dei tuoi dati mediante decisioni automatizzate.<\/strong> Potremmo utilizzare i tuoi dati per individuare le informazioni per te potenzialmente rilevanti (per esempio, inviarti e-mail personalizzate basate sulle tue preferenze da noi rilevate). Altrimenti, utilizzeremo i tuoi dati solo per fornirti i nostri servizi.<\/p>\n<p><strong>Dobbiamo comunque ricordarti che:<\/strong><\/p>\n<ul>\n<li>Ci comunichi i tuoi dati a tuo rischio. Ce la mettiamo tutta ma, purtroppo, allo stato attuale non esiste una trasmissione dei dati sicura al 100%.<\/li>\n<\/ul>\n<p><strong>Dove vengono conservati i tuoi dati?<\/strong> I tuoi dati vengono trattati all\u2019interno dell\u2019Unione Europea e nelle altre strutture dati gestite dai terzi di seguito identificati.<\/p>\n<p><strong>Per quanto tempo conserveremo i tuoi dati?<\/strong> Cesseremo il trattamento attivo dei tuoi dati entro 24 mesi dall\u2019ultimo utilizzo del servizio.<\/p>\n<p><strong>Terze parti che possono trattare i tuoi dati:<\/strong> Per svolgere la nostra attivit\u00e0 online abbiamo la necessit\u00e0 di avvalerci di terze parti per ospitare le applicazioni, comunicare con i clienti, gestire le e-mail, ecc. Ti assicuriamo che questa collaborazione avviene con i migliori soggetti presenti sul mercato che prestano questo tipo servizi. Condividiamo i tuoi dati con loro solo quando \u00e8 necessario per assicurare la massima funzionalit\u00e0 dei nostri servizi e in conformit\u00e0 con le misure di sicurezza e le buone pratiche descritte nella presente Informativa sulla Privacy. Per maggiori informazioni contattaci all&#8217;indirizzo <a href=\"mailto:info@orazi-srl.com\">info@orazi-srl.com<\/a><\/p>\n<p><strong>Cookie policy<\/strong> <em>I\u00a0cookie\u00a0sono stringhe di testo di piccole dimensioni che i siti visitati dall\u2019utente inviano al suo terminale (solitamente al browser), dove vengono memorizzati per essere poi ritrasmessi agli stessi siti alla successiva visita del medesimo utente. Nel corso della navigazione su un sito,\u00a0l\u2019utente pu\u00f2 ricevere sul suo terminale anche cookie che vengono inviati da siti o da web server diversi (c.d. \u201cterze parti\u201d), sui quali possono risiedere alcuni elementi (quali, ad esempio, immagini, mappe, suoni, specifici link a pagine di altri domini) presenti sul sito che lo stesso sta visitando.<\/em> <em>Il nostro sito fa uso dei c.d.\u00a0cookies tecnici intesi come cookie di navigazione o di sessione, che garantiscono la normale navigazione e fruizione del sito web e utilizzati al fine di effettuare la trasmissione di una comunicazione su una rete di comunicazione elettronica.<\/em> <em>Il nostro sito\u00a0utilizza Google Analytics, un servizio di analisi dei dati web fornito da Google Inc. (\u201cGoogle\u201d), che permette di analizzare il traffico sul sito. A tale scopo Google Analytics utilizza i \u201ccookie\u201d, ossia file di testo inviati da questo sito al computer del visitatore. Le informazioni generate dai cookie relative all\u2019utilizzo del sito \u2013 informazioni di log standard utilizzate su Internet (comprensive di indirizzo IP) e informazioni in forma anonima sul comportamento del visitatore \u2013 saranno trasmesse a Google e da questo conservate, anche su server situati negli Stati Uniti.<\/em> <em>L\u2019informativa sulla privacy di Google Analytics \u00e8 consultabile all\u2019indirizzo\u00a0http:\/\/www.google.it\/policies\/privacy\/partners\/.<\/em> <em>L\u2019utente pu\u00f2 decidere se autorizzare o non autorizzare il server del nostro Sito Web a salvare i cookies sul proprio computer.\u00a0In qualunque momento, l\u2019utente ha la possibilit\u00e0 di impostare il browser in modo che i cookies non vengano accettati n\u00e9 salvati.<\/em> <em>Si deve far presente che\u00a0qualora l\u2019utente decida di non accettare i cookies, \u00e8 possibile che alcune funzioni del sito non siano utilizzabili.<\/em> <em>\u00c8 possibile rifiutare l\u2019utilizzo dei cookie di Google Analytics scaricando e installando il componente aggiuntivo del browser per la disattivazione di Google Analytics da questo\u00a0link\u00a0https:\/\/tools.google.com\/dlpage\/gaoptout?hl=it.<\/em> <em>Nessun dato personale degli utenti viene in proposito acquisito dal sito. Non viene fatto uso di cookies per la trasmissione di informazioni di carattere personale, n\u00e8 vengono utilizzati c.d. cookies persistenti di alcun tipo, ovvero sistemi per il tracciamento degli utenti. L\u2019uso di c.d. cookies di sessione (che non vengono memorizzati in modo persistente sul computer dell\u2019utente e svaniscono con la chiusura del browser) \u00e8 strettamente limitato alla trasmissione di identificativi di sessione (costituiti da numeri casuali generati dal server) necessari per consentire l\u2019esplorazione sicura ed efficiente del sito. I c.d. cookies di sessione utilizzati in questo sito evitano il ricorso ad altre tecniche informatiche potenzialmente pregiudizievoli per la riservatezza della navigazione degli utenti e non consentono l\u2019acquisizione di dati personali identificativi dell\u2019utente. Per avere maggiore informazioni sull\u2019uso dei cookies sul nostro sito o per sapere come disattivarli fate click qui.<\/em> <em>Gestione dei cookie nel browser<\/em> <em>La maggior parte dei browser consente di:<\/em><\/p>\n<ul>\n<li><em>visualizzare i cookie presenti e cancellarli singolarmente;<\/em><\/li>\n<li><em>bloccare i cookie di terzi;<\/em><\/li>\n<li><em>bloccare i cookie di particolari siti;<\/em><\/li>\n<li><em>bloccare l\u2019installazione di tutti i cookie;<\/em><\/li>\n<li><em>cancellare tutti i cookie alla chiusura del browser.<\/em><\/li>\n<\/ul>\n<p><em>Per saper come gestire i cookies in\u00a0Firefox\u00a0visitate la pagina\u00a0<a href=\"https:\/\/support.mozilla.org\/it\/kb\/Gestione%20dei%20cookie\" target=\"_blank\" rel=\"noopener noreferrer\">https:\/\/support.mozilla.org\/it\/kb\/Gestione%20dei%20cookie<\/a>.<\/em> <em>Per saper come gestire i cookies in\u00a0Internet Explorer\u00a0visitate la pagina\u00a0<a href=\"http:\/\/windows.microsoft.com\/it-it\/windows-vista\/block-or-allow-cookies\" target=\"_blank\" rel=\"noopener noreferrer\">http:\/\/windows.microsoft.com\/it-it\/windows-vista\/block-or-allow-cookies<\/a>.<\/em> <em>Per saper come gestire i cookies in\u00a0Google Chrome\u00a0visitate la pagina\u00a0<a href=\"https:\/\/support.google.com\/chrome\/answer\/95647?hl=it\" target=\"_blank\" rel=\"noopener noreferrer\">https:\/\/support.google.com\/chrome\/answer\/95647?hl=it<\/a>.<\/em> <em>Per saper come gestire i cookies in\u00a0Microsoft Edge\u00a0visitate la pagina\u00a0<a href=\"https:\/\/privacy.microsoft.com\/it-IT\/windows-10-microsoft-edge-and-privacy\" target=\"_blank\" rel=\"noopener noreferrer\">https:\/\/privacy.microsoft.com\/it-IT\/windows-10-microsoft-edge-and-privacy<\/a>.<\/em><\/p>\n","protected":false},"excerpt":{"rendered":"<p>Orazi Srl Orazi Srl, nella sua qualit\u00e0 di titolare del trattamento., in quanto proprietario del sito https:\/\/www.orazi-lavorazioni.com\/ si preoccupa della protezione dei tuoi dati personali e<span class=\"excerpt-hellip\"> [\u2026]<\/span><\/p>\n","protected":false},"author":15,"featured_media":0,"parent":0,"menu_order":0,"comment_status":"closed","ping_status":"closed","template":"","meta":{"footnotes":"","_joinchat":[]},"_links":{"self":[{"href":"https:\/\/www.orazi-lavorazioni.com\/index.php?rest_route=\/wp\/v2\/pages\/15517"}],"collection":[{"href":"https:\/\/www.orazi-lavorazioni.com\/index.php?rest_route=\/wp\/v2\/pages"}],"about":[{"href":"https:\/\/www.orazi-lavorazioni.com\/index.php?rest_route=\/wp\/v2\/types\/page"}],"author":[{"embeddable":true,"href":"https:\/\/www.orazi-lavorazioni.com\/index.php?rest_route=\/wp\/v2\/users\/15"}],"replies":[{"embeddable":true,"href":"https:\/\/www.orazi-lavorazioni.com\/index.php?rest_route=%2Fwp%2Fv2%2Fcomments&post=15517"}],"version-history":[{"count":5,"href":"https:\/\/www.orazi-lavorazioni.com\/index.php?rest_route=\/wp\/v2\/pages\/15517\/revisions"}],"predecessor-version":[{"id":15522,"href":"https:\/\/www.orazi-lavorazioni.com\/index.php?rest_route=\/wp\/v2\/pages\/15517\/revisions\/15522"}],"wp:attachment":[{"href":"https:\/\/www.orazi-lavorazioni.com\/index.php?rest_route=%2Fwp%2Fv2%2Fmedia&parent=15517"}],"curies":[{"name":"wp","href":"https:\/\/api.w.org\/{rel}","templated":true}]}}